{"id":278,"date":"2022-11-14T17:54:01","date_gmt":"2022-11-14T16:54:01","guid":{"rendered":"https:\/\/vivinsema.ch\/de\/?page_id=278"},"modified":"2022-11-18T15:10:05","modified_gmt":"2022-11-18T14:10:05","slug":"unterstutzung-des-projekts","status":"publish","type":"page","link":"https:\/\/vivinsema.ch\/de\/unterstutzung-des-projekts\/","title":{"rendered":"Unterst\u00fctzung des Projekts"},"content":{"rendered":"[vc_row type=&#8221;in_container&#8221; full_screen_row_position=&#8221;middle&#8221; column_margin=&#8221;default&#8221; column_direction=&#8221;default&#8221; column_direction_tablet=&#8221;default&#8221; column_direction_phone=&#8221;default&#8221; scene_position=&#8221;center&#8221; text_color=&#8221;dark&#8221; text_align=&#8221;left&#8221; row_border_radius=&#8221;none&#8221; row_border_radius_applies=&#8221;bg&#8221; overflow=&#8221;visible&#8221; overlay_strength=&#8221;0.3&#8243; gradient_direction=&#8221;left_to_right&#8221; shape_divider_position=&#8221;bottom&#8221; bg_image_animation=&#8221;none&#8221;][vc_column column_padding=&#8221;no-extra-padding&#8221; column_padding_tablet=&#8221;inherit&#8221; column_padding_phone=&#8221;inherit&#8221; column_padding_position=&#8221;all&#8221; column_element_direction_desktop=&#8221;default&#8221; column_element_spacing=&#8221;default&#8221; desktop_text_alignment=&#8221;default&#8221; tablet_text_alignment=&#8221;default&#8221; phone_text_alignment=&#8221;default&#8221; background_color_opacity=&#8221;1&#8243; background_hover_color_opacity=&#8221;1&#8243; column_backdrop_filter=&#8221;none&#8221; column_shadow=&#8221;none&#8221; column_border_radius=&#8221;none&#8221; column_link_target=&#8221;_self&#8221; column_position=&#8221;default&#8221; gradient_direction=&#8221;left_to_right&#8221; overlay_strength=&#8221;0.3&#8243; width=&#8221;1\/1&#8243; tablet_width_inherit=&#8221;default&#8221; animation_type=&#8221;default&#8221; bg_image_animation=&#8221;none&#8221; border_type=&#8221;simple&#8221; column_border_width=&#8221;none&#8221; column_border_style=&#8221;solid&#8221;][vc_column_text]<img loading=\"lazy\" decoding=\"async\" class=\"alignright size-medium wp-image-292\" src=\"https:\/\/vivinsema.ch\/de\/wp-content\/uploads\/2022\/11\/arbre-297x300.png\" alt=\"\" width=\"297\" height=\"300\" srcset=\"https:\/\/vivinsema.ch\/de\/wp-content\/uploads\/2022\/11\/arbre-297x300.png 297w, https:\/\/vivinsema.ch\/de\/wp-content\/uploads\/2022\/11\/arbre-100x100.png 100w, https:\/\/vivinsema.ch\/de\/wp-content\/uploads\/2022\/11\/arbre-140x140.png 140w, https:\/\/vivinsema.ch\/de\/wp-content\/uploads\/2022\/11\/arbre.png 322w\" sizes=\"auto, (max-width: 297px) 100vw, 297px\" \/><\/p>\n<p>Immer wieder gibt es\u00a0 Menschen, die unsere Genossenschaft gerne unterst\u00fctzen m\u00f6chten. Willkommen sind sowohl kleine und gr\u00f6ssere Spenden als auch zinsfreie oder zinsg\u00fcnstige Darlehen.<\/p>\n<p>Um unser Projekt zu finanzieren, w\u00fcrden wir gerne etwas weniger von den Banken und daf\u00fcr etwas mehr von den FREUNDEN\/INNEN von Viv Insema abh\u00e4ngig sein. Ein Darlehen f\u00fcr diesen guten Zweck ist sicher eine lohnende Investition.<br \/>\nMittels des folgenden Formulars k\u00f6nnt ihr eure Bereitschaft f\u00fcr eine Mitfinanzierung erkl\u00e4ren. Gerne nehmen wir dann mit Euch Kontakt auf, um allf\u00e4llige Fragen und die Details zu kl\u00e4ren.<\/p>\n<p><strong>Formular f\u00fcr Finanzierungsangebote:<\/strong>[\/vc_column_text][\/vc_column][\/vc_row][vc_row type=&#8221;in_container&#8221; full_screen_row_position=&#8221;middle&#8221; column_margin=&#8221;default&#8221; column_direction=&#8221;default&#8221; column_direction_tablet=&#8221;default&#8221; column_direction_phone=&#8221;default&#8221; scene_position=&#8221;center&#8221; text_color=&#8221;dark&#8221; text_align=&#8221;left&#8221; row_border_radius=&#8221;none&#8221; row_border_radius_applies=&#8221;bg&#8221; overflow=&#8221;visible&#8221; overlay_strength=&#8221;0.3&#8243; gradient_direction=&#8221;left_to_right&#8221; shape_divider_position=&#8221;bottom&#8221; bg_image_animation=&#8221;none&#8221;][vc_column column_padding=&#8221;no-extra-padding&#8221; column_padding_tablet=&#8221;inherit&#8221; column_padding_phone=&#8221;inherit&#8221; column_padding_position=&#8221;all&#8221; top_margin=&#8221;0&#8243; column_element_direction_desktop=&#8221;default&#8221; column_element_spacing=&#8221;default&#8221; desktop_text_alignment=&#8221;default&#8221; tablet_text_alignment=&#8221;default&#8221; phone_text_alignment=&#8221;default&#8221; background_color_opacity=&#8221;1&#8243; background_hover_color_opacity=&#8221;1&#8243; column_backdrop_filter=&#8221;none&#8221; column_shadow=&#8221;none&#8221; column_border_radius=&#8221;none&#8221; column_link_target=&#8221;_self&#8221; column_position=&#8221;default&#8221; gradient_direction=&#8221;left_to_right&#8221; overlay_strength=&#8221;0.3&#8243; width=&#8221;1\/1&#8243; tablet_width_inherit=&#8221;default&#8221; animation_type=&#8221;default&#8221; bg_image_animation=&#8221;none&#8221; border_type=&#8221;simple&#8221; column_border_width=&#8221;none&#8221; column_border_style=&#8221;solid&#8221; column_padding_type=&#8221;default&#8221; gradient_type=&#8221;default&#8221;][nectar_btn size=&#8221;jumbo&#8221; button_style=&#8221;regular&#8221; button_color_2=&#8221;Accent-Color&#8221; icon_family=&#8221;fontawesome&#8221; text=&#8221;Download des Formulars&#8221; icon_fontawesome=&#8221;fa fa-file-pdf-o&#8221; url=&#8221;https:\/\/vivinsema.ch\/de\/wp-content\/uploads\/2022\/11\/FormularioPrestiti.pdf&#8221;][\/vc_column][\/vc_row]\n","protected":false},"excerpt":{"rendered":"<p>[vc_row type=&#8221;in_container&#8221; full_screen_row_position=&#8221;middle&#8221; column_margin=&#8221;default&#8221; column_direction=&#8221;default&#8221; column_direction_tablet=&#8221;default&#8221; column_direction_phone=&#8221;default&#8221; scene_position=&#8221;center&#8221; text_color=&#8221;dark&#8221; text_align=&#8221;left&#8221; row_border_radius=&#8221;none&#8221; row_border_radius_applies=&#8221;bg&#8221; overflow=&#8221;visible&#8221; overlay_strength=&#8221;0.3&#8243; gradient_direction=&#8221;left_to_right&#8221; shape_divider_position=&#8221;bottom&#8221; bg_image_animation=&#8221;none&#8221;][vc_column column_padding=&#8221;no-extra-padding&#8221; column_padding_tablet=&#8221;inherit&#8221; column_padding_phone=&#8221;inherit&#8221; column_padding_position=&#8221;all&#8221; column_element_direction_desktop=&#8221;default&#8221; column_element_spacing=&#8221;default&#8221; desktop_text_alignment=&#8221;default&#8221; tablet_text_alignment=&#8221;default&#8221; phone_text_alignment=&#8221;default&#8221; background_color_opacity=&#8221;1&#8243; background_hover_color_opacity=&#8221;1&#8243; column_backdrop_filter=&#8221;none&#8221; column_shadow=&#8221;none&#8221;&#8230;<\/p>\n","protected":false},"author":1,"featured_media":0,"parent":0,"menu_order":0,"comment_status":"closed","ping_status":"closed","template":"","meta":{"content-type":"","footnotes":""},"class_list":["post-278","page","type-page","status-publish"],"_links":{"self":[{"href":"https:\/\/vivinsema.ch\/de\/wp-json\/wp\/v2\/pages\/278","targetHints":{"allow":["GET"]}}],"collection":[{"href":"https:\/\/vivinsema.ch\/de\/wp-json\/wp\/v2\/pages"}],"about":[{"href":"https:\/\/vivinsema.ch\/de\/wp-json\/wp\/v2\/types\/page"}],"author":[{"embeddable":true,"href":"https:\/\/vivinsema.ch\/de\/wp-json\/wp\/v2\/users\/1"}],"replies":[{"embeddable":true,"href":"https:\/\/vivinsema.ch\/de\/wp-json\/wp\/v2\/comments?post=278"}],"version-history":[{"count":9,"href":"https:\/\/vivinsema.ch\/de\/wp-json\/wp\/v2\/pages\/278\/revisions"}],"predecessor-version":[{"id":498,"href":"https:\/\/vivinsema.ch\/de\/wp-json\/wp\/v2\/pages\/278\/revisions\/498"}],"wp:attachment":[{"href":"https:\/\/vivinsema.ch\/de\/wp-json\/wp\/v2\/media?parent=278"}],"curies":[{"name":"wp","href":"https:\/\/api.w.org\/{rel}","templated":true}]}}