{"id":185,"date":"2022-11-13T23:44:35","date_gmt":"2022-11-13T22:44:35","guid":{"rendered":"https:\/\/vivinsema.ch\/de\/?page_id=185"},"modified":"2024-04-26T11:08:20","modified_gmt":"2024-04-26T09:08:20","slug":"wohngenossenschaft","status":"publish","type":"page","link":"https:\/\/vivinsema.ch\/de\/wohngenossenschaft\/","title":{"rendered":"Wohngenossenschaft"},"content":{"rendered":"[vc_row type=&#8221;in_container&#8221; full_screen_row_position=&#8221;middle&#8221; column_margin=&#8221;default&#8221; column_direction=&#8221;default&#8221; column_direction_tablet=&#8221;default&#8221; column_direction_phone=&#8221;default&#8221; scene_position=&#8221;center&#8221; text_color=&#8221;dark&#8221; text_align=&#8221;left&#8221; row_border_radius=&#8221;none&#8221; row_border_radius_applies=&#8221;bg&#8221; overflow=&#8221;visible&#8221; overlay_strength=&#8221;0.3&#8243; gradient_direction=&#8221;left_to_right&#8221; shape_divider_position=&#8221;bottom&#8221; bg_image_animation=&#8221;none&#8221;][vc_column column_padding=&#8221;no-extra-padding&#8221; column_padding_tablet=&#8221;inherit&#8221; column_padding_phone=&#8221;inherit&#8221; column_padding_position=&#8221;all&#8221; column_element_direction_desktop=&#8221;default&#8221; column_element_spacing=&#8221;default&#8221; desktop_text_alignment=&#8221;default&#8221; tablet_text_alignment=&#8221;default&#8221; phone_text_alignment=&#8221;default&#8221; background_color_opacity=&#8221;1&#8243; background_hover_color_opacity=&#8221;1&#8243; column_backdrop_filter=&#8221;none&#8221; column_shadow=&#8221;none&#8221; column_border_radius=&#8221;none&#8221; column_link_target=&#8221;_self&#8221; column_position=&#8221;default&#8221; gradient_direction=&#8221;left_to_right&#8221; overlay_strength=&#8221;0.3&#8243; width=&#8221;1\/1&#8243; tablet_width_inherit=&#8221;default&#8221; animation_type=&#8221;default&#8221; bg_image_animation=&#8221;none&#8221; border_type=&#8221;simple&#8221; column_border_width=&#8221;none&#8221; column_border_style=&#8221;solid&#8221;][vc_column_text]<strong>Was ist eine Wohngenossenschaft und was ihr Sinn und Zweck?<\/strong><\/p>\n<p>Die Genossenschaft verfolgt den Zweck, in gemeinsamer Selbsthilfe und Mitverantwortung ihren Mitgliedern dauerhaft den Bedarf an Wohnraum zu tragbaren finanziellen Bedingungen zu decken. Sie ist bestrebt, Wohnraum f\u00fcr alle Bev\u00f6lkerungskreise anzubieten. Sie f\u00f6rdert das Zusammenleben im Sinne gesamtgesellschaftlicher Verantwortung und gegenseitiger Solidarit\u00e4t.<\/p>\n<p>Die Generalversammlung ist das h\u00f6chste Organ der Genossenschaft. In ihr stimmen die Anwesenden Genossenschafter*innen \u00fcber wichtige Gesch\u00e4fte der Genossenschaft ab und w\u00e4hlen die Verwaltung. Sie findet einmal pro Jahr statt.<\/p>\n<p>Durch den Kauf von Anteilscheinen wird man Mitglied der Genossenschaft und erh\u00e4lt ein Stimmrecht. Um eine Wohnung zu mieten, m\u00fcssen 30 Anteilscheine \u00e0 CHF 1\u2019000.- gekauft und ein Pflichtdarlehen von CHF 70&#8217;000.- eingebracht werden. Ein solches Mitglied ist verpflichtet, selber in der von ihm gemieteten Wohnung zu wohnen und dort zivilrechtlichen Wohnsitz zu haben.<br \/>\nDie Genossenschaft vermietet die Wohnungen auf der Basis der Kostenmiete.<\/p>\n<p>Die T\u00e4tigkeit der Genossenschaft ist gemeinn\u00fctzig und nicht gewinnstrebig und sie entzieht die Wohnungen dauerhaft der Spekulation (weitere Details siehe Statuten).<\/p>\n<p><strong>Wie finanzieren wir uns<\/strong><\/p>\n<p>Im Gegensatz zu einer schon lange existierenden Wohngenossenschaft braucht eine neu gegr\u00fcndete Wohngenossenschaft viel mehr Eigenmittel. Vor allem, wie in unserem Fall, wenn sie Land erworben und neue Wohnungen erstellt hat.<br \/>\nDiese Gelder werden \u00fcber die Anteilscheine (Aufnahme in die Genossenschaft) und \u00fcber Pflichtdarlehen, die an die Wohnungen gebunden sind, beschaffen. Diese\u00a0werden bei einem Auszug wieder zur\u00fcckerstattet.<br \/>\nAnteilscheine und Pflichtdarlehen k\u00f6nnen mit Pensionskassen-Geldern bezahlt werden.<\/p>\n<p><strong>Vorteile einer Wohngenossenschaft<\/strong><\/p>\n<p>Alle Genossenschafter*innen besitzen ein Stimmrecht und k\u00f6nnen an Generalversammlungen und Plenums mitbestimmen.<br \/>\nM\u00f6gliche Themen sind z.B. bauliche Ver\u00e4nderungen und Renovationen, das Zusammenleben, die Gartengestaltung oder gemeinsame Aktivit\u00e4ten wie Mittagstisch und Treffen im Gemeinschaftsraum.<\/p>\n<p>Als Genossenschafter*in geniesst man einen hohen K\u00fcndigungsschutz.<br \/>\nDie Miete entspricht den Kosten (Kostenmiete). Das heisst es verdient niemand an unseren Mieten.<br \/>\nAktuell geniessen wir gemeinsame Gartentage, Reinigungsaktionen, Kaffeeh\u00f6ck, Mittagstische, Pingpong-Spielen&#8230;<\/p>\n<p><strong>Es ist ein Mehr miteinander &#8211; VIV INSEMA!<\/strong>[\/vc_column_text][\/vc_column][\/vc_row][vc_row type=&#8221;in_container&#8221; full_screen_row_position=&#8221;middle&#8221; column_margin=&#8221;default&#8221; column_direction=&#8221;default&#8221; column_direction_tablet=&#8221;default&#8221; column_direction_phone=&#8221;default&#8221; scene_position=&#8221;center&#8221; text_color=&#8221;dark&#8221; text_align=&#8221;left&#8221; row_border_radius=&#8221;none&#8221; row_border_radius_applies=&#8221;bg&#8221; overflow=&#8221;visible&#8221; overlay_strength=&#8221;0.3&#8243; gradient_direction=&#8221;left_to_right&#8221; shape_divider_position=&#8221;bottom&#8221; bg_image_animation=&#8221;none&#8221;][vc_column column_padding=&#8221;no-extra-padding&#8221; column_padding_tablet=&#8221;inherit&#8221; column_padding_phone=&#8221;inherit&#8221; column_padding_position=&#8221;all&#8221; column_element_direction_desktop=&#8221;default&#8221; column_element_spacing=&#8221;default&#8221; desktop_text_alignment=&#8221;default&#8221; tablet_text_alignment=&#8221;default&#8221; phone_text_alignment=&#8221;default&#8221; background_color_opacity=&#8221;1&#8243; background_hover_color_opacity=&#8221;1&#8243; column_backdrop_filter=&#8221;none&#8221; column_shadow=&#8221;none&#8221; column_border_radius=&#8221;none&#8221; column_link_target=&#8221;_self&#8221; column_position=&#8221;default&#8221; gradient_direction=&#8221;left_to_right&#8221; overlay_strength=&#8221;0.3&#8243; width=&#8221;1\/1&#8243; tablet_width_inherit=&#8221;default&#8221; animation_type=&#8221;default&#8221; bg_image_animation=&#8221;none&#8221; border_type=&#8221;simple&#8221; column_border_width=&#8221;none&#8221; column_border_style=&#8221;solid&#8221;][nectar_btn size=&#8221;jumbo&#8221; open_new_tab=&#8221;true&#8221; button_style=&#8221;regular&#8221; button_color_2=&#8221;Accent-Color&#8221; icon_family=&#8221;none&#8221; text=&#8221;Download der Statuten&#8221; url=&#8221;https:\/\/vivinsema.ch\/de\/wp-content\/uploads\/2024\/04\/Statuten-Wohng.-VIV-INSEMA-2024.pdf&#8221;][\/vc_column][\/vc_row]\n","protected":false},"excerpt":{"rendered":"<p>[vc_row type=&#8221;in_container&#8221; full_screen_row_position=&#8221;middle&#8221; column_margin=&#8221;default&#8221; column_direction=&#8221;default&#8221; column_direction_tablet=&#8221;default&#8221; column_direction_phone=&#8221;default&#8221; scene_position=&#8221;center&#8221; text_color=&#8221;dark&#8221; text_align=&#8221;left&#8221; row_border_radius=&#8221;none&#8221; row_border_radius_applies=&#8221;bg&#8221; overflow=&#8221;visible&#8221; overlay_strength=&#8221;0.3&#8243; gradient_direction=&#8221;left_to_right&#8221; shape_divider_position=&#8221;bottom&#8221; bg_image_animation=&#8221;none&#8221;][vc_column column_padding=&#8221;no-extra-padding&#8221; column_padding_tablet=&#8221;inherit&#8221; column_padding_phone=&#8221;inherit&#8221; column_padding_position=&#8221;all&#8221; column_element_direction_desktop=&#8221;default&#8221; column_element_spacing=&#8221;default&#8221; desktop_text_alignment=&#8221;default&#8221; tablet_text_alignment=&#8221;default&#8221; phone_text_alignment=&#8221;default&#8221; background_color_opacity=&#8221;1&#8243; background_hover_color_opacity=&#8221;1&#8243; column_backdrop_filter=&#8221;none&#8221; column_shadow=&#8221;none&#8221;&#8230;<\/p>\n","protected":false},"author":1,"featured_media":0,"parent":0,"menu_order":0,"comment_status":"closed","ping_status":"closed","template":"","meta":{"content-type":"","footnotes":""},"class_list":["post-185","page","type-page","status-publish"],"_links":{"self":[{"href":"https:\/\/vivinsema.ch\/de\/wp-json\/wp\/v2\/pages\/185","targetHints":{"allow":["GET"]}}],"collection":[{"href":"https:\/\/vivinsema.ch\/de\/wp-json\/wp\/v2\/pages"}],"about":[{"href":"https:\/\/vivinsema.ch\/de\/wp-json\/wp\/v2\/types\/page"}],"author":[{"embeddable":true,"href":"https:\/\/vivinsema.ch\/de\/wp-json\/wp\/v2\/users\/1"}],"replies":[{"embeddable":true,"href":"https:\/\/vivinsema.ch\/de\/wp-json\/wp\/v2\/comments?post=185"}],"version-history":[{"count":17,"href":"https:\/\/vivinsema.ch\/de\/wp-json\/wp\/v2\/pages\/185\/revisions"}],"predecessor-version":[{"id":656,"href":"https:\/\/vivinsema.ch\/de\/wp-json\/wp\/v2\/pages\/185\/revisions\/656"}],"wp:attachment":[{"href":"https:\/\/vivinsema.ch\/de\/wp-json\/wp\/v2\/media?parent=185"}],"curies":[{"name":"wp","href":"https:\/\/api.w.org\/{rel}","templated":true}]}}